{"id":245,"date":"2019-01-02T13:46:48","date_gmt":"2019-01-02T12:46:48","guid":{"rendered":"https:\/\/www.igel-pension.de\/?page_id=245"},"modified":"2024-01-24T10:17:26","modified_gmt":"2024-01-24T09:17:26","slug":"strona-glowna","status":"publish","type":"page","link":"https:\/\/www.igel-pension.de\/pl\/","title":{"rendered":"Strona g\u0142\u00f3wna"},"content":{"rendered":"<h1>Witamy na stronie internetowej Igel Pension<\/h1>\n<p>Szukaj\u0105 pa\u0144stwo miejsca dla pracownik\u00f3w monta\u017cowych lub chc\u0105 sp\u0119dzi\u0107 wakacje w Salzlandkreis?<\/p>\n<p>W naszym pensjonacie w sercu Saksonii-Anhalt, ok. 30 km na po\u0142udnie od Magdeburga w <strong>Gro\u00df B\u00f6rnecke, Sta\u00dffurt oraz F\u00f6rderstedt<\/strong> kilka os\u00f3b lub grup mo\u017ce znale\u017a\u0107 niedrogie zakwaterowanie\/nocleg.<\/p>\n<p>Jeste\u015bmy blisko autostrady A14, B6n lub B180. Nasze mieszkania\/pokoje\/domy s\u0105 wyposa\u017cone w telewizor z kana\u0142ami satelitarnymi oraz Internet. Mamy dla Pa\u0144stwa mieszkania z \u0142\u0105cznie 60 \u0142\u00f3\u017ckami.<\/p>\n<p><strong>Nasze us\u0142ugi obejmuj\u0105:<\/strong><\/p>\n<ul>\n<li>\u015bwie\u017c\u0105 po\u015bciel<\/li>\n<li>sprz\u0105tanie<\/li>\n<\/ul>\n<p>Je\u015bli wzbudzili\u015bmy Twoje zainteresowanie, mo\u017cesz nas znale\u017a\u0107:<\/p>\n<p><strong>Igel Pension<\/strong><br \/>\n<strong>Untere Kirchstra\u00dfe 10<\/strong><br \/>\n<strong>39444 Hecklingen OT Gro\u00df B\u00f6rnecke<\/strong><\/p>\n<p>W przypadku rezerwacji lub zapyta\u0144 prosimy o kontakt telefoniczny<br \/>\n<strong>pod numerem: <a href=\"tel:+491712874888\">0171\/2874888<\/a><\/strong><\/p>\n<p>Czekamy na Tw\u00f3j telefon i \u017cyczymy mi\u0142ego pobytu na naszej stronie internetowej.<\/p>\n","protected":false},"excerpt":{"rendered":"<p>Witamy na stronie internetowej Igel Pension<\/p>\n<p>Szukaj\u0105 pa\u0144stwo miejsca dla pracownik\u00f3w monta\u017cowych lub chc\u0105 sp\u0119dzi\u0107 wakacje w Salzlandkreis?<\/p>\n<p>W naszym pensjonacie w sercu Saksonii-Anhalt, ok. 30 km na po\u0142udnie od Magdeburga w Gro\u00df B\u00f6rnecke, Sta\u00dffurt oraz F\u00f6rderstedt kilka os\u00f3b lub grup mo\u017ce znale\u017a\u0107 niedrogie zakwaterowanie\/nocleg.<\/p>\n<p>Jeste\u015bmy blisko autostrady A14, B6n lub B180. Nasze mieszkania\/pokoje\/domy s\u0105 wyposa\u017cone w telewizor z kana\u0142ami satelitarnymi oraz Internet. Mamy dla Pa\u0144stwa mieszkania z \u0142\u0105cznie 60 \u0142\u00f3\u017ckami.<\/p>\n<p>Nasze us\u0142ugi obejmuj\u0105:<\/p>\n<p>\u015bwie\u017c\u0105 po\u015bciel<br \/>\nsprz\u0105tanie<\/p>\n<p>Je\u015bli wzbudzili\u015bmy Twoje zainteresowanie, mo\u017cesz nas znale\u017a\u0107:<\/p>\n<p>Igel Pension<br \/>\nUntere Kirchstra\u00dfe 10<br \/>\n39444 Hecklingen OT Gro\u00df B\u00f6rnecke<\/p>\n<p>W przypadku rezerwacji lub zapyta\u0144 prosimy o kontakt telefoniczny<br \/>\npod numerem: 0171\/2874888<\/p>\n<p>Czekamy na Tw\u00f3j telefon i \u017cyczymy mi\u0142ego &#8230;<a class=\"blog_readmore\" href=\"https:\/\/www.igel-pension.de\/pl\/\" title=\"ReadStrona g\u0142\u00f3wna\">Read More<i class=\"fa fa-angle-right\"><\/i><\/a><\/p>\n","protected":false},"author":1,"featured_media":0,"parent":0,"menu_order":1,"comment_status":"closed","ping_status":"closed","template":"","meta":{"footnotes":""},"class_list":["post-245","page","type-page","status-publish","hentry"],"_links":{"self":[{"href":"https:\/\/www.igel-pension.de\/pl\/wp-json\/wp\/v2\/pages\/245","targetHints":{"allow":["GET"]}}],"collection":[{"href":"https:\/\/www.igel-pension.de\/pl\/wp-json\/wp\/v2\/pages"}],"about":[{"href":"https:\/\/www.igel-pension.de\/pl\/wp-json\/wp\/v2\/types\/page"}],"author":[{"embeddable":true,"href":"https:\/\/www.igel-pension.de\/pl\/wp-json\/wp\/v2\/users\/1"}],"replies":[{"embeddable":true,"href":"https:\/\/www.igel-pension.de\/pl\/wp-json\/wp\/v2\/comments?post=245"}],"version-history":[{"count":7,"href":"https:\/\/www.igel-pension.de\/pl\/wp-json\/wp\/v2\/pages\/245\/revisions"}],"predecessor-version":[{"id":603,"href":"https:\/\/www.igel-pension.de\/pl\/wp-json\/wp\/v2\/pages\/245\/revisions\/603"}],"wp:attachment":[{"href":"https:\/\/www.igel-pension.de\/pl\/wp-json\/wp\/v2\/media?parent=245"}],"curies":[{"name":"wp","href":"https:\/\/api.w.org\/{rel}","templated":true}]}}