{"id":247,"date":"2019-01-07T22:25:52","date_gmt":"2019-01-07T21:25:52","guid":{"rendered":"https:\/\/www.igel-pension.de\/?page_id=247"},"modified":"2021-05-25T08:53:35","modified_gmt":"2021-05-25T07:53:35","slug":"wyposazenie","status":"publish","type":"page","link":"https:\/\/www.igel-pension.de\/pl\/wyposazenie\/","title":{"rendered":"Wyposa\u017cenie"},"content":{"rendered":"<h1>Wyposa\u017cenie naszych mieszka\u0144<\/h1>\n<p>Ca\u0142kowita pojemno\u015b\u0107: max. 40 go\u015bci<u><b><\/b><\/u><\/p>\n<p><b><u>Wyposa\u017cenie Pokoi:<\/u><\/b><\/p>\n<ul>\n<li>Szafa, komoda<\/li>\n<li>St\u00f3\u0142 z \u0142aweczk\u0105 i krzes\u0142ami<\/li>\n<li>Pojedyncza \u0142azienka z WC i prysznicem<\/li>\n<li>Telewizja satelitarna<\/li>\n<li>Internet&nbsp;<\/li>\n<li>wyposa\u017cona kuchnia z szafk\u0105 kuchenn\u0105, blatem, kuchenk\u0105 elektryczn\u0105, mikrofal\u00f3wk\u0105,&nbsp;czajnikiem i kompletnym wyposa\u017ceniem kuchennym<\/li>\n<\/ul>\n<p><b><u>Parking:<\/u><\/b><\/p>\n<ul>\n<li>miejsce parkingowe znajduje si\u0119 zawsze bezpo\u015brednio przed obiektami&nbsp;<\/li>\n<\/ul>\n<p><b><u>Sklepy w Gro\u00df B\u00f6rnecke:<\/u><\/b><\/p>\n<ul>\n<li>W pobli\u017cu Market NP (oko\u0142o 450 metr\u00f3w)<\/li>\n<li>Kaufland ok. 9 km<\/li>\n<li>Salzlandsparkasse (oko\u0142o 160 metr\u00f3w)<\/li>\n<\/ul>\n<p><u><b>Wa\u017cne:<\/b><\/u><\/p>\n<ul>\n<li>Nie mo\u017cna p\u0142aci\u0107 kart\u0105&nbsp;<\/li>\n<li>\u015aniadanie od pensjonatu nie jest mo\u017cliwe&nbsp;<\/li>\n<\/ul>\n<p><b><u>Godziny:<\/u><\/b><\/p>\n<ul>\n<li>Przyjazd i odjazd jest do uzgodnienia&nbsp;<\/li>\n<\/ul>\n","protected":false},"excerpt":{"rendered":"<p>Wyposa\u017cenie naszych mieszka\u0144<\/p>\n<p>Ca\u0142kowita pojemno\u015b\u0107: max. 40 go\u015bci<\/p>\n<p>Wyposa\u017cenie Pokoi:<\/p>\n<p>Szafa, komoda<br \/>\nSt\u00f3\u0142 z \u0142aweczk\u0105 i krzes\u0142ami<br \/>\nPojedyncza \u0142azienka z WC i prysznicem<br \/>\nTelewizja satelitarna<br \/>\nInternet&nbsp;<br \/>\nwyposa\u017cona kuchnia z szafk\u0105 kuchenn\u0105, blatem, kuchenk\u0105 elektryczn\u0105, mikrofal\u00f3wk\u0105,&nbsp;czajnikiem i kompletnym wyposa\u017ceniem kuchennym<\/p>\n<p>Parking:<\/p>\n<p>miejsce parkingowe znajduje si\u0119 zawsze bezpo\u015brednio przed obiektami&nbsp;<\/p>\n<p>Sklepy w Gro\u00df B\u00f6rnecke:<\/p>\n<p>W pobli\u017cu Market NP (oko\u0142o 450 metr\u00f3w)<br \/>\nKaufland ok. 9 km<br \/>\nSalzlandsparkasse (oko\u0142o 160 metr\u00f3w)<\/p>\n<p>Wa\u017cne:<\/p>\n<p>Nie mo\u017cna p\u0142aci\u0107 kart\u0105&nbsp;<br \/>\n\u015aniadanie od pensjonatu nie jest mo\u017cliwe&nbsp;<\/p>\n<p>Godziny:<\/p>\n<p>Przyjazd i odjazd jest do uzgodnienia&nbsp;<\/p>\n","protected":false},"author":1,"featured_media":0,"parent":0,"menu_order":2,"comment_status":"closed","ping_status":"closed","template":"","meta":{"footnotes":""},"class_list":["post-247","page","type-page","status-publish","hentry"],"_links":{"self":[{"href":"https:\/\/www.igel-pension.de\/pl\/wp-json\/wp\/v2\/pages\/247","targetHints":{"allow":["GET"]}}],"collection":[{"href":"https:\/\/www.igel-pension.de\/pl\/wp-json\/wp\/v2\/pages"}],"about":[{"href":"https:\/\/www.igel-pension.de\/pl\/wp-json\/wp\/v2\/types\/page"}],"author":[{"embeddable":true,"href":"https:\/\/www.igel-pension.de\/pl\/wp-json\/wp\/v2\/users\/1"}],"replies":[{"embeddable":true,"href":"https:\/\/www.igel-pension.de\/pl\/wp-json\/wp\/v2\/comments?post=247"}],"version-history":[{"count":3,"href":"https:\/\/www.igel-pension.de\/pl\/wp-json\/wp\/v2\/pages\/247\/revisions"}],"predecessor-version":[{"id":455,"href":"https:\/\/www.igel-pension.de\/pl\/wp-json\/wp\/v2\/pages\/247\/revisions\/455"}],"wp:attachment":[{"href":"https:\/\/www.igel-pension.de\/pl\/wp-json\/wp\/v2\/media?parent=247"}],"curies":[{"name":"wp","href":"https:\/\/api.w.org\/{rel}","templated":true}]}}