{"id":251,"date":"2019-01-07T22:25:51","date_gmt":"2019-01-07T21:25:51","guid":{"rendered":"https:\/\/www.igel-pension.de\/?page_id=251"},"modified":"2021-05-25T09:09:08","modified_gmt":"2021-05-25T08:09:08","slug":"przyjazd","status":"publish","type":"page","link":"https:\/\/www.igel-pension.de\/pl\/przyjazd\/","title":{"rendered":"Przyjazd"},"content":{"rendered":"<h1>Twoja droga do nas<\/h1>\n<h2>Nasz adres:<\/h2>\n<p><strong>Igel Pension<\/strong><br \/>\n<strong>Inh. Jerzy Sulinski&nbsp;<\/strong><\/p>\n<p><strong>Untere Kirchstra\u00dfe 10<\/strong><br \/>\n<strong>39444 Hecklingen OT Gro\u00df B\u00f6rnecke<\/strong><\/p>\n<h3>Przyjazd samochodem<\/h3>\n<p><strong>z Magdeburga:<\/strong><br \/>\njecha\u0107 przez B81 do K1306 w stron\u0119 Hecklingen (31,5 km), a nast\u0119pnie K1306 i Friedrich-Stengel-Stra\u00dfe do Bruchtor<br \/>\nLink do opisu <a href=\"https:\/\/goo.gl\/maps\/BfKsVfbmsSJ2\" target=\"_blank\" rel=\"noopener\">GoogleMaps<\/a><\/p>\n<hr>\n<p><strong>od strony Aschersleben:<\/strong><br \/>\nprzejecha\u0107 B180 (17,1 km)<br \/>\nLink do opisu <a href=\"https:\/\/goo.gl\/maps\/iwxoZ9tgHJ92\" target=\"_blank\" rel=\"noopener\">GoogleMaps<\/a><\/p>\n<hr>\n<p><strong>z Halberstadt:<\/strong><br \/>\nprzejecha\u0107 B81 do Hecklingen (33,2 km) K1306 i Friedrich-Stengel-Stra\u00dfe do Bruchtor<br \/>\nLink do opisu <a href=\"https:\/\/goo.gl\/maps\/eeeq13bn5E32\" target=\"_blank\" rel=\"noopener\">GoogleMaps<\/a><\/p>\n","protected":false},"excerpt":{"rendered":"<p>Twoja droga do nas<br \/>\nNasz adres:<\/p>\n<p>Igel Pension<br \/>\nInh. Jerzy Sulinski&nbsp;<\/p>\n<p>Untere Kirchstra\u00dfe 10<br \/>\n39444 Hecklingen OT Gro\u00df B\u00f6rnecke<\/p>\n<p>Przyjazd samochodem<\/p>\n<p>z Magdeburga:<br \/>\njecha\u0107 przez B81 do K1306 w stron\u0119 Hecklingen (31,5 km), a nast\u0119pnie K1306 i Friedrich-Stengel-Stra\u00dfe do Bruchtor<br \/>\nLink do opisu GoogleMaps<\/p>\n<p>od strony Aschersleben:<br \/>\nprzejecha\u0107 B180 (17,1 km)<br \/>\nLink do opisu GoogleMaps<\/p>\n<p>z Halberstadt:<br \/>\nprzejecha\u0107 B81 do Hecklingen (33,2 km) K1306 i Friedrich-Stengel-Stra\u00dfe do Bruchtor<br \/>\nLink do opisu GoogleMaps<\/p>\n","protected":false},"author":1,"featured_media":0,"parent":0,"menu_order":4,"comment_status":"closed","ping_status":"closed","template":"","meta":{"footnotes":""},"class_list":["post-251","page","type-page","status-publish","hentry"],"_links":{"self":[{"href":"https:\/\/www.igel-pension.de\/pl\/wp-json\/wp\/v2\/pages\/251","targetHints":{"allow":["GET"]}}],"collection":[{"href":"https:\/\/www.igel-pension.de\/pl\/wp-json\/wp\/v2\/pages"}],"about":[{"href":"https:\/\/www.igel-pension.de\/pl\/wp-json\/wp\/v2\/types\/page"}],"author":[{"embeddable":true,"href":"https:\/\/www.igel-pension.de\/pl\/wp-json\/wp\/v2\/users\/1"}],"replies":[{"embeddable":true,"href":"https:\/\/www.igel-pension.de\/pl\/wp-json\/wp\/v2\/comments?post=251"}],"version-history":[{"count":3,"href":"https:\/\/www.igel-pension.de\/pl\/wp-json\/wp\/v2\/pages\/251\/revisions"}],"predecessor-version":[{"id":458,"href":"https:\/\/www.igel-pension.de\/pl\/wp-json\/wp\/v2\/pages\/251\/revisions\/458"}],"wp:attachment":[{"href":"https:\/\/www.igel-pension.de\/pl\/wp-json\/wp\/v2\/media?parent=251"}],"curies":[{"name":"wp","href":"https:\/\/api.w.org\/{rel}","templated":true}]}}