{"id":253,"date":"2019-01-07T22:25:52","date_gmt":"2019-01-07T21:25:52","guid":{"rendered":"https:\/\/www.igel-pension.de\/?page_id=253"},"modified":"2021-05-25T09:11:38","modified_gmt":"2021-05-25T08:11:38","slug":"ceny","status":"publish","type":"page","link":"https:\/\/www.igel-pension.de\/pl\/ceny\/","title":{"rendered":"Ceny"},"content":{"rendered":"<h1>Cennik<\/h1>\n<p><strong>\u0141\u00f3\u017cko pojedyncze jest dost\u0119pne od 17,- Euro za noc.<\/strong>.<\/p>\n<p>Na \u017cyczenie oferujemy r\u00f3wnie\u017c zni\u017cki dla grup.<\/p>\n<p>Prosz\u0119 zapyta\u0107 telefonicznie lub e-mailem. Dzi\u0119kujemy.&nbsp;<\/p>\n<p><a href=\"https:\/\/www.igel-pension.de\/pl\/kontakt\"><strong>Kliknij tutaj, aby wy\u015bwietli\u0107 stron\u0119 kontaktow\u0105.<\/strong><\/a><\/p>\n<p><img loading=\"lazy\" decoding=\"async\" class=\"alignnone wp-image-124\" src=\"https:\/\/www.igel-pension.de\/wp-content\/uploads\/2019\/01\/kontakt-300x200.jpeg\" alt=\"\" width=\"690\" height=\"460\" srcset=\"https:\/\/www.igel-pension.de\/wp-content\/uploads\/2019\/01\/kontakt-300x200.jpeg 300w, https:\/\/www.igel-pension.de\/wp-content\/uploads\/2019\/01\/kontakt-768x512.jpeg 768w, https:\/\/www.igel-pension.de\/wp-content\/uploads\/2019\/01\/kontakt-1024x683.jpeg 1024w\" sizes=\"auto, (max-width: 690px) 100vw, 690px\" \/><\/p>\n","protected":false},"excerpt":{"rendered":"<p>Cennik<\/p>\n<p>\u0141\u00f3\u017cko pojedyncze jest dost\u0119pne od 17,- Euro za noc..<\/p>\n<p>Na \u017cyczenie oferujemy r\u00f3wnie\u017c zni\u017cki dla grup.<\/p>\n<p>Prosz\u0119 zapyta\u0107 telefonicznie lub e-mailem. Dzi\u0119kujemy.&nbsp;<\/p>\n<p>Kliknij tutaj, aby wy\u015bwietli\u0107 stron\u0119 kontaktow\u0105.<\/p><\/p>\n","protected":false},"author":1,"featured_media":0,"parent":0,"menu_order":5,"comment_status":"closed","ping_status":"closed","template":"","meta":{"footnotes":""},"class_list":["post-253","page","type-page","status-publish","hentry"],"_links":{"self":[{"href":"https:\/\/www.igel-pension.de\/pl\/wp-json\/wp\/v2\/pages\/253","targetHints":{"allow":["GET"]}}],"collection":[{"href":"https:\/\/www.igel-pension.de\/pl\/wp-json\/wp\/v2\/pages"}],"about":[{"href":"https:\/\/www.igel-pension.de\/pl\/wp-json\/wp\/v2\/types\/page"}],"author":[{"embeddable":true,"href":"https:\/\/www.igel-pension.de\/pl\/wp-json\/wp\/v2\/users\/1"}],"replies":[{"embeddable":true,"href":"https:\/\/www.igel-pension.de\/pl\/wp-json\/wp\/v2\/comments?post=253"}],"version-history":[{"count":4,"href":"https:\/\/www.igel-pension.de\/pl\/wp-json\/wp\/v2\/pages\/253\/revisions"}],"predecessor-version":[{"id":459,"href":"https:\/\/www.igel-pension.de\/pl\/wp-json\/wp\/v2\/pages\/253\/revisions\/459"}],"wp:attachment":[{"href":"https:\/\/www.igel-pension.de\/pl\/wp-json\/wp\/v2\/media?parent=253"}],"curies":[{"name":"wp","href":"https:\/\/api.w.org\/{rel}","templated":true}]}}