{"id":269,"date":"2019-01-07T22:25:52","date_gmt":"2019-01-07T21:25:52","guid":{"rendered":"https:\/\/www.igel-pension.de\/?page_id=269"},"modified":"2024-01-24T10:19:18","modified_gmt":"2024-01-24T09:19:18","slug":"impressum","status":"publish","type":"page","link":"https:\/\/www.igel-pension.de\/pl\/impressum\/","title":{"rendered":"Impressum"},"content":{"rendered":"<h1>Impressum<\/h1>\n<h2>Informacje zgodnie z \u00a7 5 TMG<\/h2>\n<p><strong>Igel Pension<\/strong><br \/>\n<strong>Untere Kirchstra\u00dfe 10<\/strong><br \/>\n<strong>39444 Hecklingen Ortsteil Gro\u00df B\u00f6rnecke<\/strong><\/p>\n<p><strong>Kontakt:<\/strong><br \/>\nTelefon: <a href=\"http:\/\/tel+491712874888\" data-wplink-url-error=\"true\"><strong>0171\/2874888<\/strong><\/a><br \/>\nE-mail: info@igel-pension.de<\/p>\n<p><strong>Odpowiedzialny za tre\u015b\u0107 zgodnie z \u00a7 55 Abs 2 RStV:<\/strong><br \/>\nInh. Jerzy Sulinski<br \/>\nUntere Kirchstra\u00dfe 10<br \/>\n39444 Hecklingen Ortsteil Gro\u00df B\u00f6rnecke<\/p>\n<p><strong>NIP:<\/strong><br \/>\nNumer identyfikacyjny podatku obrotowego zgodnie z \u00a7 27a UStG:<br \/>\nDE 815893052<\/p>\n<p>Nasze zasady i warunki mo\u017cna obejrze\u0107 tutaj. <a href=\"https:\/\/www.igel-pension.de\/agb\"><strong>hier<\/strong> <\/a><\/p>\n<p><strong>Odniesienie do rozwi\u0105zywania spor\u00f3w UE<\/strong><br \/>\nKomisja Europejska zapewnia platform\u0119 internetowego rozstrzygania spor\u00f3w (OS): http:\/\/ec.europa.eu\/consumers\/odr<\/p>\n<h2>Zastrze\u017cenie<\/h2>\n<p><strong>Odpowiedzialno\u015b\u0107 za tre\u015b\u0107<\/strong><br \/>\nJako us\u0142ugodawca jeste\u015bmy odpowiedzialni zgodnie z \u00a7 7 Abs.1 TMG za w\u0142asne tre\u015bci na tej stronie zgodnie z og\u00f3lnymi przepisami. Zgodnie z \u00a7\u00a7 8 do 10 TMG my, jako us\u0142ugodawca, nie jeste\u015bmy jednak zobowi\u0105zani do monitorowania przekazanych lub przechowywanych informacji stron trzecich ani do badania okoliczno\u015bci wskazuj\u0105cych na nielegaln\u0105 dzia\u0142alno\u015b\u0107.<\/p>\n<p>Obowi\u0105zek usuni\u0119cia lub zablokowania wykorzystania informacji na mocy og\u00f3lnego prawa pozostaje nienaruszone. Odpowiedzialno\u015b\u0107 w tym zakresie jest jednak mo\u017cliwa tylko od momentu stwierdzenia okre\u015blonego naruszenia. Po powiadomieniu o odpowiednich naruszeniach natychmiast usuniemy t\u0119 tre\u015b\u0107.<\/p>\n<p><strong>Odpowiedzialno\u015b\u0107 za linki<\/strong><br \/>\nNasza oferta zawiera linki do zewn\u0119trznych stron internetowych stron trzecich, na kt\u00f3rych zawarto\u015b\u0107 nie mamy wp\u0142ywu. Dlatego nie mo\u017cemy ponosi\u0107 \u017cadnej odpowiedzialno\u015bci za te tre\u015bci zewn\u0119trzne. Odpowiedni dostawca lub operator stron jest zawsze odpowiedzialny za zawarto\u015b\u0107 powi\u0105zanych stron. Po\u0142\u0105czone strony zosta\u0142y sprawdzone pod k\u0105tem mo\u017cliwych narusze\u0144 prawnych w momencie \u0142\u0105czenia. Nielegalne tre\u015bci nie by\u0142y rozpoznawalne w momencie \u0142\u0105czenia. Jednak sta\u0142a kontrola tre\u015bci powi\u0105zanych stron nie jest uzasadniona bez konkretnych dowod\u00f3w naruszenia. Po powiadomieniu o naruszeniach b\u0119dziemy takie linki usuwa\u0107 natychmiast.<\/p>\n<p><strong>Prawo autorskie<\/strong><br \/>\nTre\u015bci i prace na tych stronach tworzone przez operator\u00f3w witryn podlegaj\u0105 niemieckiemu prawu autorskiemu. Powielanie, przetwarzanie, rozpowszechnianie i wszelkiego rodzaju wykorzystanie poza granicami praw autorskich wymaga pisemnej zgody danego autora lub tw\u00f3rcy. Pliki do pobrania i kopie tej strony s\u0105 przeznaczone wy\u0142\u0105cznie do prywatnego, niekomercyjnego u\u017cytku.<br \/>\nO ile tre\u015b\u0107 z tej strony nie zosta\u0142a stworzona przez operatora, bierze si\u0119 pod uwag\u0119 prawa autorskie stron trzecich. W szczeg\u00f3lno\u015bci tre\u015bci os\u00f3b trzecich s\u0105 identyfikowane jako takie. Je\u015bli nadal zdajesz sobie spraw\u0119 z naruszenia praw autorskich, prosimy o notatk\u0119. Po otrzymaniu zawiadomienia o naruszeniach niezw\u0142ocznie usuniemy takie tre\u015bci.<\/p>\n<h2>Dalsze informacje<\/h2>\n<p><a href=\"https:\/\/www.igel-pension.de\/pl\/datenschutz\/\">Link do polityki prywatno\u015bci<\/a><\/p>\n<h2>\u0179r\u00f3d\u0142a zewn\u0119trzne<\/h2>\n<p>CMS: Ta strona internetowa zosta\u0142a stworzona za pomoc\u0105 CMS WordPress.<br \/>\n\u0179r\u00f3d\u0142o: wordpress.org<\/p>\n<p>Zdj\u0119cia:<br \/>\n#109594324 \u00a9 ALDECAstudio @stock.Adobe.com<br \/>\n#110447232 \u00a9 Davizro Photography @stock.Adobe.com<\/p>\n<p>Impressumsgenerator:<br \/>\n\u0179r\u00f3d\u0142o: www.e-recht24.de<\/p>\n<p>Widok mapy: dane map \u00a9 GeoBasis-DE \/ BKG (\u00a9 2009), Google<\/p>\n","protected":false},"excerpt":{"rendered":"<p>Impressum<br \/>\nInformacje zgodnie z \u00a7 5 TMG<\/p>\n<p>Igel Pension<br \/>\nUntere Kirchstra\u00dfe 10<br \/>\n39444 Hecklingen Ortsteil Gro\u00df B\u00f6rnecke<\/p>\n<p>Kontakt:<br \/>\nTelefon: 0171\/2874888<br \/>\nE-mail: info@igel-pension.de<\/p>\n<p>Odpowiedzialny za tre\u015b\u0107 zgodnie z \u00a7 55 Abs 2 RStV:<br \/>\nInh. Jerzy Sulinski<br \/>\nUntere Kirchstra\u00dfe 10<br \/>\n39444 Hecklingen Ortsteil Gro\u00df B\u00f6rnecke<\/p>\n<p>NIP:<br \/>\nNumer identyfikacyjny podatku obrotowego zgodnie z \u00a7 27a UStG:<br \/>\nDE 815893052<\/p>\n<p>Nasze zasady i warunki mo\u017cna obejrze\u0107 tutaj. hier <\/p>\n<p>Odniesienie do rozwi\u0105zywania spor\u00f3w UE<br \/>\nKomisja Europejska zapewnia platform\u0119 internetowego rozstrzygania spor\u00f3w (OS): http:\/\/ec.europa.eu\/consumers\/odr<\/p>\n<p>Zastrze\u017cenie<\/p>\n<p>Odpowiedzialno\u015b\u0107 za tre\u015b\u0107<br \/>\nJako us\u0142ugodawca jeste\u015bmy odpowiedzialni zgodnie z \u00a7 7 Abs.1 TMG za w\u0142asne tre\u015bci na tej stronie zgodnie z og\u00f3lnymi przepisami. Zgodnie z \u00a7\u00a7 8 do 10 TMG my, jako us\u0142ugodawca, nie jeste\u015bmy jednak zobowi\u0105zani do monitorowania przekazanych lub &#8230;<a class=\"blog_readmore\" href=\"https:\/\/www.igel-pension.de\/pl\/impressum\/\" title=\"ReadImpressum\">Read More<i class=\"fa fa-angle-right\"><\/i><\/a><\/p>\n","protected":false},"author":1,"featured_media":0,"parent":0,"menu_order":12,"comment_status":"closed","ping_status":"closed","template":"","meta":{"footnotes":""},"class_list":["post-269","page","type-page","status-publish","hentry"],"_links":{"self":[{"href":"https:\/\/www.igel-pension.de\/pl\/wp-json\/wp\/v2\/pages\/269","targetHints":{"allow":["GET"]}}],"collection":[{"href":"https:\/\/www.igel-pension.de\/pl\/wp-json\/wp\/v2\/pages"}],"about":[{"href":"https:\/\/www.igel-pension.de\/pl\/wp-json\/wp\/v2\/types\/page"}],"author":[{"embeddable":true,"href":"https:\/\/www.igel-pension.de\/pl\/wp-json\/wp\/v2\/users\/1"}],"replies":[{"embeddable":true,"href":"https:\/\/www.igel-pension.de\/pl\/wp-json\/wp\/v2\/comments?post=269"}],"version-history":[{"count":4,"href":"https:\/\/www.igel-pension.de\/pl\/wp-json\/wp\/v2\/pages\/269\/revisions"}],"predecessor-version":[{"id":605,"href":"https:\/\/www.igel-pension.de\/pl\/wp-json\/wp\/v2\/pages\/269\/revisions\/605"}],"wp:attachment":[{"href":"https:\/\/www.igel-pension.de\/pl\/wp-json\/wp\/v2\/media?parent=269"}],"curies":[{"name":"wp","href":"https:\/\/api.w.org\/{rel}","templated":true}]}}