{"id":273,"date":"2019-01-08T01:40:44","date_gmt":"2019-01-08T00:40:44","guid":{"rendered":"https:\/\/www.igel-pension.de\/?page_id=273"},"modified":"2019-01-14T21:21:53","modified_gmt":"2019-01-14T20:21:53","slug":"strona-nie-zostala-znaleziona","status":"publish","type":"page","link":"https:\/\/www.igel-pension.de\/pl\/strona-nie-zostala-znaleziona\/","title":{"rendered":"Strona nie zosta\u0142a znaleziona"},"content":{"rendered":"<h2><img loading=\"lazy\" decoding=\"async\" class=\"wp-image-85 size-medium alignleft\" src=\"https:\/\/www.igel-pension.de\/wp-content\/uploads\/2019\/01\/404-300x300.jpg\" alt=\"\" width=\"300\" height=\"300\" srcset=\"https:\/\/www.igel-pension.de\/wp-content\/uploads\/2019\/01\/404-300x300.jpg 300w, https:\/\/www.igel-pension.de\/wp-content\/uploads\/2019\/01\/404-150x150.jpg 150w, https:\/\/www.igel-pension.de\/wp-content\/uploads\/2019\/01\/404-768x768.jpg 768w, https:\/\/www.igel-pension.de\/wp-content\/uploads\/2019\/01\/404-1024x1024.jpg 1024w, https:\/\/www.igel-pension.de\/wp-content\/uploads\/2019\/01\/404.jpg 1378w\" sizes=\"auto, (max-width: 300px) 100vw, 300px\" \/>Strona nie zosta\u0142a znaleziona<\/h2>\n<p>Powodem tego mo\u017ce by\u0107 to, \u017ce wywo\u0142a\u0142e\u015b nieprawid\u0142owy lub nieaktualny adres URL,<br \/>\nprosz\u0119 sprawdzi\u0107 to ponownie.<\/p>\n<p>Lub zarchiwizowali\u015bmy, przenie\u015bli\u015bmy lub zmienili\u015bmy nazw\u0119 danej strony.<br \/>\nMo\u017ce uda Ci si\u0119 znale\u017a\u0107 po\u017c\u0105dan\u0105 zawarto\u015b\u0107 na naszej stronie g\u0142\u00f3wnej.<\/p>\n<h2><a href=\"https:\/\/www.igel-pension.de\/\"><strong>Kliknij tutaj<\/strong><\/a><\/h2>\n<p>A mo\u017ce mo\u017cemy Ci pom\u00f3c bezpo\u015brednio? Napisz do nas e-mail lub zadzwo\u0144 do nas.<\/p>\n","protected":false},"excerpt":{"rendered":"<p>Strona nie zosta\u0142a znaleziona<\/p>\n<p>Powodem tego mo\u017ce by\u0107 to, \u017ce wywo\u0142a\u0142e\u015b nieprawid\u0142owy lub nieaktualny adres URL,<br \/>\nprosz\u0119 sprawdzi\u0107 to ponownie.<\/p>\n<p>Lub zarchiwizowali\u015bmy, przenie\u015bli\u015bmy lub zmienili\u015bmy nazw\u0119 danej strony.<br \/>\nMo\u017ce uda Ci si\u0119 znale\u017a\u0107 po\u017c\u0105dan\u0105 zawarto\u015b\u0107 na naszej stronie g\u0142\u00f3wnej.<\/p>\n<p>Kliknij tutaj<\/p>\n<p>A mo\u017ce mo\u017cemy Ci pom\u00f3c bezpo\u015brednio? Napisz do nas e-mail lub zadzwo\u0144 do nas.<\/p>\n","protected":false},"author":1,"featured_media":0,"parent":0,"menu_order":13,"comment_status":"closed","ping_status":"closed","template":"","meta":{"footnotes":""},"class_list":["post-273","page","type-page","status-publish","hentry"],"_links":{"self":[{"href":"https:\/\/www.igel-pension.de\/pl\/wp-json\/wp\/v2\/pages\/273","targetHints":{"allow":["GET"]}}],"collection":[{"href":"https:\/\/www.igel-pension.de\/pl\/wp-json\/wp\/v2\/pages"}],"about":[{"href":"https:\/\/www.igel-pension.de\/pl\/wp-json\/wp\/v2\/types\/page"}],"author":[{"embeddable":true,"href":"https:\/\/www.igel-pension.de\/pl\/wp-json\/wp\/v2\/users\/1"}],"replies":[{"embeddable":true,"href":"https:\/\/www.igel-pension.de\/pl\/wp-json\/wp\/v2\/comments?post=273"}],"version-history":[{"count":1,"href":"https:\/\/www.igel-pension.de\/pl\/wp-json\/wp\/v2\/pages\/273\/revisions"}],"predecessor-version":[{"id":274,"href":"https:\/\/www.igel-pension.de\/pl\/wp-json\/wp\/v2\/pages\/273\/revisions\/274"}],"wp:attachment":[{"href":"https:\/\/www.igel-pension.de\/pl\/wp-json\/wp\/v2\/media?parent=273"}],"curies":[{"name":"wp","href":"https:\/\/api.w.org\/{rel}","templated":true}]}}